{"id":50413,"date":"2025-04-11T14:23:46","date_gmt":"2025-04-11T11:23:46","guid":{"rendered":"https:\/\/noyatech.com\/urun\/e-life-epc-pm-01\/"},"modified":"2026-02-12T15:23:53","modified_gmt":"2026-02-12T12:23:53","slug":"e-life-epc-pm-01","status":"publish","type":"product","link":"https:\/\/noyatech.com\/en\/urun\/e-life-epc-pm-01\/","title":{"rendered":"E-Life EPC-PM-01"},"content":{"rendered":"\t\t<div data-elementor-type=\"product-post\" data-elementor-id=\"50413\" class=\"elementor elementor-50413 elementor-24843\" data-elementor-post-type=\"product\">\n\t\t\t\t<div class=\"elementor-element elementor-element-ffe6abc e-con-full e-flex e-con e-parent\" data-id=\"ffe6abc\" data-element_type=\"container\" data-e-type=\"container\" id=\"tab-overview\">\n\t\t\t\t<div class=\"elementor-element elementor-element-05be79e elementor-widget__width-initial color-scheme-inherit text-left elementor-widget elementor-widget-text-editor\" data-id=\"05be79e\" data-element_type=\"widget\" data-e-type=\"widget\" data-widget_type=\"text-editor.default\">\n\t\t\t\t<div class=\"elementor-widget-container\">\n\t\t\t\t\t\t\t\t\t<p style=\"font-size: 19px;\">Gain the advantage of rapid field installation with panel mounting brackets specifically designed for E-Life EPC series Panel PCs.<\/p>\n\t\t\t\t\t\t\t\t<\/div>\n\t\t\t\t<\/div>\n\t\t\t\t<\/div>\n\t\t<div class=\"wd-negative-gap elementor-element elementor-element-b9f2a0f wd-section-stretch e-flex e-con-boxed e-con e-parent\" data-id=\"b9f2a0f\" data-element_type=\"container\" data-e-type=\"container\" data-settings=\"{&quot;background_background&quot;:&quot;classic&quot;}\">\n\t\t\t\t\t<div class=\"e-con-inner\">\n\t\t\t\t<div class=\"elementor-element elementor-element-5cb5ffb wd-width-100 elementor-widget elementor-widget-wd_title\" data-id=\"5cb5ffb\" data-element_type=\"widget\" data-e-type=\"widget\" data-widget_type=\"wd_title.default\">\n\t\t\t\t<div class=\"elementor-widget-container\">\n\t\t\t\t\t\t\t<div class=\"title-wrapper wd-set-mb reset-last-child wd-title-color-white wd-title-style-default wd-title-size-medium text-center\">\n\n\t\t\t\t\t\t\t\t\t\t\t<div class=\"title-subtitle subtitle-color-white subtitle-style-default wd-fontsize-xs\">\n\t\t\t\t\tE-LIFE\t\t\t\t<\/div>\n\t\t\t\n\t\t\t<div class=\"liner-continer\">\n\t\t\t\t<h3 class=\"woodmart-title-container title wd-fontsize-xl\">E-Life EPC-PM-01<\/h3> \n\t\t\t\t\t\t\t<\/div>\n\n\t\t\t\t\t<\/div>\n\t\t\t\t\t\t<\/div>\n\t\t\t\t<\/div>\n\t\t\t\t\t<\/div>\n\t\t\t\t<\/div>\n\t\t<div class=\"wd-negative-gap elementor-element elementor-element-b447d97 wd-section-stretch e-flex e-con-boxed e-con e-parent\" data-id=\"b447d97\" data-element_type=\"container\" data-e-type=\"container\" data-settings=\"{&quot;background_background&quot;:&quot;classic&quot;}\">\n\t\t\t\t\t<div class=\"e-con-inner\">\n\t\t\t\t<div class=\"elementor-element elementor-element-656c731 elementor-position-top elementor-widget elementor-widget-image-box\" data-id=\"656c731\" data-element_type=\"widget\" data-e-type=\"widget\" data-widget_type=\"image-box.default\">\n\t\t\t\t<div class=\"elementor-widget-container\">\n\t\t\t\t\t<div class=\"elementor-image-box-wrapper\"><figure class=\"elementor-image-box-img\"><img decoding=\"async\" width=\"147\" height=\"152\" src=\"https:\/\/noyatech.com\/wp-content\/uploads\/2019\/07\/connection-icon-min.png\" class=\"attachment-full size-full wp-image-13958\" alt=\"\"><\/figure><\/div>\t\t\t\t<\/div>\n\t\t\t\t<\/div>\n\t\t\t\t<div class=\"elementor-element elementor-element-46077ba color-scheme-inherit text-left elementor-widget elementor-widget-text-editor\" data-id=\"46077ba\" data-element_type=\"widget\" data-e-type=\"widget\" data-widget_type=\"text-editor.default\">\n\t\t\t\t<div class=\"elementor-widget-container\">\n\t\t\t\t\t\t\t\t\t<h3 style=\"font-size: 40px; text-align: center; font-weight: 600; color: #202945; margin: 0;\">Specifically designed for E-Life EPC series Panel PCs<\/h3>\n<h3 style=\"font-size: 40px; text-align: center; font-weight: 300; color: #2782c5; margin-top: -10px;\">Gain the advantage of rapid field installation with wall mounting brackets.<\/h3>\n\t\t\t\t\t\t\t\t<\/div>\n\t\t\t\t<\/div>\n\t\t\t\t<div class=\"elementor-element elementor-element-8284f2e elementor-widget__width-initial color-scheme-inherit text-left elementor-widget elementor-widget-text-editor\" data-id=\"8284f2e\" data-element_type=\"widget\" data-e-type=\"widget\" data-widget_type=\"text-editor.default\">\n\t\t\t\t<div class=\"elementor-widget-container\">\n\t\t\t\t\t\t\t\t\t<p style=\"font-size: 19px;\">With the EPC-PM-01 Panel Mounting Bracket, all EPC Series Panel PCs can be mounted to panels or cabinets very quickly and securely.<\/p>\n\t\t\t\t\t\t\t\t<\/div>\n\t\t\t\t<\/div>\n\t\t\t\t<div class=\"elementor-element elementor-element-2a60bbd elementor-widget elementor-widget-image\" data-id=\"2a60bbd\" data-element_type=\"widget\" data-e-type=\"widget\" data-widget_type=\"image.default\">\n\t\t\t\t<div class=\"elementor-widget-container\">\n\t\t\t\t\t\t\t\t\t\t\t\t\t\t\t<img fetchpriority=\"high\" decoding=\"async\" width=\"768\" height=\"768\" src=\"https:\/\/noyatech.com\/wp-content\/uploads\/2025\/04\/E-Life_EPC-PM-01_001-min-768x768.jpg\" class=\"attachment-medium_large size-medium_large wp-image-39081\" alt=\"\" srcset=\"https:\/\/noyatech.com\/wp-content\/uploads\/2025\/04\/E-Life_EPC-PM-01_001-min-768x768.jpg 768w, https:\/\/noyatech.com\/wp-content\/uploads\/2025\/04\/E-Life_EPC-PM-01_001-min-600x600.jpg 600w, https:\/\/noyatech.com\/wp-content\/uploads\/2025\/04\/E-Life_EPC-PM-01_001-min-150x150.jpg 150w, https:\/\/noyatech.com\/wp-content\/uploads\/2025\/04\/E-Life_EPC-PM-01_001-min-300x300.jpg 300w, https:\/\/noyatech.com\/wp-content\/uploads\/2025\/04\/E-Life_EPC-PM-01_001-min-800x800.jpg 800w, https:\/\/noyatech.com\/wp-content\/uploads\/2025\/04\/E-Life_EPC-PM-01_001-min-100x100.jpg 100w, https:\/\/noyatech.com\/wp-content\/uploads\/2025\/04\/E-Life_EPC-PM-01_001-min.jpg 1200w\" sizes=\"(max-width: 768px) 100vw, 768px\">\t\t\t\t\t\t\t\t\t\t\t\t\t\t\t<\/div>\n\t\t\t\t<\/div>\n\t\t\t\t\t<\/div>\n\t\t\t\t<\/div>\n\t\t<div class=\"wd-negative-gap elementor-element elementor-element-f6faf39 wd-section-stretch e-flex e-con-boxed e-con e-parent\" data-id=\"f6faf39\" data-element_type=\"container\" data-e-type=\"container\" data-settings=\"{&quot;background_background&quot;:&quot;classic&quot;}\">\n\t\t\t\t\t<div class=\"e-con-inner\">\n\t\t\t\t<div class=\"elementor-element elementor-element-fca6a43 color-scheme-inherit text-left elementor-widget elementor-widget-text-editor\" data-id=\"fca6a43\" data-element_type=\"widget\" data-e-type=\"widget\" data-widget_type=\"text-editor.default\">\n\t\t\t\t<div class=\"elementor-widget-container\">\n\t\t\t\t\t\t\t\t\t<h3 style=\"font-size: 40px; text-align: center; font-weight: 600; color: #202945; margin: 0;\">Compatible Models<\/h3>\t\t\t\t\t\t\t\t<\/div>\n\t\t\t\t<\/div>\n\t\t\t\t<div class=\"elementor-element elementor-element-fc13d9e elementor-widget__width-initial color-scheme-inherit text-left elementor-widget elementor-widget-text-editor\" data-id=\"fc13d9e\" data-element_type=\"widget\" data-e-type=\"widget\" data-widget_type=\"text-editor.default\">\n\t\t\t\t<div class=\"elementor-widget-container\">\n\t\t\t\t\t\t\t\t\t<p style=\"font-size: 19px;\">All EPC Panel PC models<\/p>\n\t\t\t\t\t\t\t\t<\/div>\n\t\t\t\t<\/div>\n\t\t\t\t<div class=\"elementor-element elementor-element-89063b1 elementor-widget elementor-widget-image\" data-id=\"89063b1\" data-element_type=\"widget\" data-e-type=\"widget\" data-widget_type=\"image.default\">\n\t\t\t\t<div class=\"elementor-widget-container\">\n\t\t\t\t\t\t\t\t\t\t\t\t\t\t\t<img decoding=\"async\" width=\"768\" height=\"768\" src=\"https:\/\/noyatech.com\/wp-content\/uploads\/2025\/04\/epc-618-panelpc-05-min-2-768x768.jpg\" class=\"attachment-medium_large size-medium_large wp-image-39253\" alt=\"E-Life EPC-618 Panel PC \u2014 18.5-inch wide-screen, aluminum-housed industrial touchscreen computer\" srcset=\"https:\/\/noyatech.com\/wp-content\/uploads\/2025\/04\/epc-618-panelpc-05-min-2-768x768.jpg 768w, https:\/\/noyatech.com\/wp-content\/uploads\/2025\/04\/epc-618-panelpc-05-min-2-600x600.jpg 600w, https:\/\/noyatech.com\/wp-content\/uploads\/2025\/04\/epc-618-panelpc-05-min-2-150x150.jpg 150w, https:\/\/noyatech.com\/wp-content\/uploads\/2025\/04\/epc-618-panelpc-05-min-2-300x300.jpg 300w, https:\/\/noyatech.com\/wp-content\/uploads\/2025\/04\/epc-618-panelpc-05-min-2-800x800.jpg 800w, https:\/\/noyatech.com\/wp-content\/uploads\/2025\/04\/epc-618-panelpc-05-min-2-100x100.jpg 100w, https:\/\/noyatech.com\/wp-content\/uploads\/2025\/04\/epc-618-panelpc-05-min-2.jpg 1200w\" sizes=\"(max-width: 768px) 100vw, 768px\" \/>\t\t\t\t\t\t\t\t\t\t\t\t\t\t\t<\/div>\n\t\t\t\t<\/div>\n\t\t\t\t\t<\/div>\n\t\t\t\t<\/div>\n\t\t<div class=\"elementor-element elementor-element-bec1f71 e-flex e-con-boxed e-con e-parent\" data-id=\"bec1f71\" data-element_type=\"container\" data-e-type=\"container\">\n\t\t\t\t\t<div class=\"e-con-inner\">\n\t\t\t\t<div class=\"elementor-element elementor-element-72b24fe elementor-widget elementor-widget-woocommerce-product-images\" data-id=\"72b24fe\" data-element_type=\"widget\" data-e-type=\"widget\" data-widget_type=\"woocommerce-product-images.default\">\n\t\t\t\t<div class=\"elementor-widget-container\">\n\t\t\t\t\t<div class=\"woocommerce-product-gallery woocommerce-product-gallery--with-images woocommerce-product-gallery--columns-4 images wd-has-thumb thumbs-position-bottom images image-action-popup\">\n\t<div class=\"wd-carousel-container wd-gallery-images\">\n\t\t<div class=\"wd-carousel-inner\">\n\n\t\t\n\t\t<figure class=\"woocommerce-product-gallery__wrapper wd-carousel wd-grid\" style=\"--wd-col-lg:1;--wd-col-md:1;--wd-col-sm:1;\">\n\t\t\t<div class=\"wd-carousel-wrap\">\n\n\t\t\t\t<div class=\"wd-carousel-item\"><figure data-thumb=\"https:\/\/noyatech.com\/wp-content\/uploads\/2017\/01\/bg01-1-150x85.jpg\" class=\"woocommerce-product-gallery__image\"><a data-elementor-open-lightbox=\"no\" href=\"https:\/\/noyatech.com\/wp-content\/uploads\/2017\/01\/bg01-1.jpg\"><img loading=\"lazy\" decoding=\"async\" width=\"1200\" height=\"678\" src=\"https:\/\/noyatech.com\/wp-content\/uploads\/2017\/01\/bg01-1-1200x678.jpg\" class=\"wp-post-image wp-post-image\" alt=\"\" title=\"bg01\" data-caption=\"\" data-src=\"https:\/\/noyatech.com\/wp-content\/uploads\/2017\/01\/bg01-1.jpg\" data-large_image=\"https:\/\/noyatech.com\/wp-content\/uploads\/2017\/01\/bg01-1.jpg\" data-large_image_width=\"1440\" data-large_image_height=\"813\" srcset=\"https:\/\/noyatech.com\/wp-content\/uploads\/2017\/01\/bg01-1-1200x678.jpg 1200w, https:\/\/noyatech.com\/wp-content\/uploads\/2017\/01\/bg01-1-150x85.jpg 150w, https:\/\/noyatech.com\/wp-content\/uploads\/2017\/01\/bg01-1.jpg 1440w\" sizes=\"(max-width: 1200px) 100vw, 1200px\"><\/a><\/figure><\/div>\n\t\t\t\t\t\t<div class=\"wd-carousel-item\">\n\t\t\t<figure data-thumb=\"https:\/\/noyatech.com\/wp-content\/uploads\/2025\/04\/E-Life_EPC-PM-01_001-min-150x150.jpg\" class=\"woocommerce-product-gallery__image\">\n\t\t\t\t<a data-elementor-open-lightbox=\"no\" href=\"https:\/\/noyatech.com\/wp-content\/uploads\/2025\/04\/E-Life_EPC-PM-01_001-min.jpg\">\n\t\t\t\t\t<img loading=\"lazy\" decoding=\"async\" width=\"1200\" height=\"1200\" src=\"https:\/\/noyatech.com\/wp-content\/uploads\/2025\/04\/E-Life_EPC-PM-01_001-min.jpg\" class=\"\" alt=\"\" title=\"E-Life_EPC-PM-01_001-min\" data-caption=\"\" data-src=\"https:\/\/noyatech.com\/wp-content\/uploads\/2025\/04\/E-Life_EPC-PM-01_001-min.jpg\" data-large_image=\"https:\/\/noyatech.com\/wp-content\/uploads\/2025\/04\/E-Life_EPC-PM-01_001-min.jpg\" data-large_image_width=\"1200\" data-large_image_height=\"1200\" srcset=\"https:\/\/noyatech.com\/wp-content\/uploads\/2025\/04\/E-Life_EPC-PM-01_001-min.jpg 1200w, https:\/\/noyatech.com\/wp-content\/uploads\/2025\/04\/E-Life_EPC-PM-01_001-min-600x600.jpg 600w, https:\/\/noyatech.com\/wp-content\/uploads\/2025\/04\/E-Life_EPC-PM-01_001-min-150x150.jpg 150w, https:\/\/noyatech.com\/wp-content\/uploads\/2025\/04\/E-Life_EPC-PM-01_001-min-300x300.jpg 300w, https:\/\/noyatech.com\/wp-content\/uploads\/2025\/04\/E-Life_EPC-PM-01_001-min-800x800.jpg 800w, https:\/\/noyatech.com\/wp-content\/uploads\/2025\/04\/E-Life_EPC-PM-01_001-min-768x768.jpg 768w, https:\/\/noyatech.com\/wp-content\/uploads\/2025\/04\/E-Life_EPC-PM-01_001-min-100x100.jpg 100w\" sizes=\"(max-width: 1200px) 100vw, 1200px\" data- data-large_image_>\t\t\t\t<\/a>\n\t\t\t<\/figure>\n\t\t<\/div>\n\t\t\t\t\t<\/div>\n\t\t<\/figure>\n\n\t\t\t\t\t<div class=\"wd-nav-arrows wd-pos-sep wd-hover-1 wd-custom-style wd-icon-1\">\n\t\t\t<div class=\"wd-btn-arrow wd-prev wd-disabled\">\n\t\t\t\t<div class=\"wd-arrow-inner\"><\/div>\n\t\t\t<\/div>\n\t\t\t<div class=\"wd-btn-arrow wd-next\">\n\t\t\t\t<div class=\"wd-arrow-inner\"><\/div>\n\t\t\t<\/div>\n\t\t<\/div>\n\t\t\n\t\t\n\t\t<\/div>\n\n\t\t\t<\/div>\n\n\t\t\t\t\t<div class=\"wd-carousel-container wd-gallery-thumb\">\n\t\t\t<div class=\"wd-carousel-inner\">\n\t\t\t\t<div class=\"wd-carousel wd-grid\" style=\"--wd-col-lg:4;--wd-col-md:4;--wd-col-sm:3;\">\n\t\t\t\t\t<div class=\"wd-carousel-wrap\">\n\t\t\t\t\t\t\t\t\t\t\t\t\t\t\t\t\t\t\t\t\t<div class=\"wd-carousel-item \">\n\t\t\t\t\t\t\t\t\t<img loading=\"lazy\" decoding=\"async\" width=\"150\" height=\"85\" src=\"https:\/\/noyatech.com\/wp-content\/uploads\/2017\/01\/bg01-1-150x85.jpg\" class=\"attachment-150x0 size-150x0\" alt=\"\" srcset=\"https:\/\/noyatech.com\/wp-content\/uploads\/2017\/01\/bg01-1-150x85.jpg 150w, https:\/\/noyatech.com\/wp-content\/uploads\/2017\/01\/bg01-1-1200x678.jpg 1200w, https:\/\/noyatech.com\/wp-content\/uploads\/2017\/01\/bg01-1.jpg 1440w\" sizes=\"(max-width: 150px) 100vw, 150px\">\t\t\t\t\t\t\t\t<\/div>\n\t\t\t\t\t\t\t\t\t\t\t\t\t\t\t<div class=\"wd-carousel-item \">\n\t\t\t\t\t\t\t\t\t<img loading=\"lazy\" decoding=\"async\" width=\"150\" height=\"150\" src=\"https:\/\/noyatech.com\/wp-content\/uploads\/2025\/04\/E-Life_EPC-PM-01_001-min-150x150.jpg\" class=\"attachment-150x0 size-150x0\" alt=\"\" srcset=\"https:\/\/noyatech.com\/wp-content\/uploads\/2025\/04\/E-Life_EPC-PM-01_001-min-150x150.jpg 150w, https:\/\/noyatech.com\/wp-content\/uploads\/2025\/04\/E-Life_EPC-PM-01_001-min-600x600.jpg 600w, https:\/\/noyatech.com\/wp-content\/uploads\/2025\/04\/E-Life_EPC-PM-01_001-min-300x300.jpg 300w, https:\/\/noyatech.com\/wp-content\/uploads\/2025\/04\/E-Life_EPC-PM-01_001-min-800x800.jpg 800w, https:\/\/noyatech.com\/wp-content\/uploads\/2025\/04\/E-Life_EPC-PM-01_001-min-768x768.jpg 768w, https:\/\/noyatech.com\/wp-content\/uploads\/2025\/04\/E-Life_EPC-PM-01_001-min-100x100.jpg 100w, https:\/\/noyatech.com\/wp-content\/uploads\/2025\/04\/E-Life_EPC-PM-01_001-min.jpg 1200w\" sizes=\"(max-width: 150px) 100vw, 150px\">\t\t\t\t\t\t\t\t<\/div>\n\t\t\t\t\t\t\t\t\t\t\t\t\t\t\t\t\t\t<\/div>\n\t\t\t\t<\/div>\n\n\t\t\t\t\t\t<div class=\"wd-nav-arrows wd-thumb-nav wd-custom-style wd-pos-sep wd-icon-1\">\n\t\t\t<div class=\"wd-btn-arrow wd-prev wd-disabled\">\n\t\t\t\t<div class=\"wd-arrow-inner\"><\/div>\n\t\t\t<\/div>\n\t\t\t<div class=\"wd-btn-arrow wd-next\">\n\t\t\t\t<div class=\"wd-arrow-inner\"><\/div>\n\t\t\t<\/div>\n\t\t<\/div>\n\t\t\t\t\t<\/div>\n\t\t<\/div>\n\t<\/div>\n\t\t\t\t<\/div>\n\t\t\t\t<\/div>\n\t\t\t\t\t<\/div>\n\t\t\t\t<\/div>\n\t\t<div class=\"elementor-element elementor-element-500d055 wd-section-stretch e-flex e-con-boxed e-con e-parent\" data-id=\"500d055\" data-element_type=\"container\" data-e-type=\"container\" id=\"tab-tech-specs\" data-settings=\"{&quot;background_background&quot;:&quot;classic&quot;}\">\n\t\t\t\t\t<div class=\"e-con-inner\">\n\t\t\t\t<div class=\"elementor-element elementor-element-4387d94 color-scheme-inherit text-left elementor-widget elementor-widget-text-editor\" data-id=\"4387d94\" data-element_type=\"widget\" data-e-type=\"widget\" data-widget_type=\"text-editor.default\">\n\t\t\t\t<div class=\"elementor-widget-container\">\n\t\t\t\t\t\t\t\t\t<h3 style=\"text-align: center;\"><strong><span style=\"color: #333e48;\">TEKN\u0130K \u00d6ZELL\u0130KLER<\/span><\/strong><\/h3>\n\t\t\t\t\t\t\t\t<\/div>\n\t\t\t\t<\/div>\n\t\t\t\t<div class=\"elementor-element elementor-element-d541c98 color-scheme-inherit text-left elementor-widget elementor-widget-text-editor\" data-id=\"d541c98\" data-element_type=\"widget\" data-e-type=\"widget\" data-widget_type=\"text-editor.default\">\n\t\t\t\t<div class=\"elementor-widget-container\">\n\t\t\t\t\t\t\t\t\t<table style=\"font-weight: 400;\" data-tablestyle=\"MsoTableGrid\" data-tablelook=\"1184\" aria-rowcount=\"4\">\n<tbody>\n<tr aria-rowindex=\"1\">\n<td data-celllook=\"0\">\n<p><span data-contrast=\"none\">Image<\/span><\/p>\n<\/td>\n<\/tr>\n<tr aria-rowindex=\"2\">\n<td data-celllook=\"0\">\n<p><span data-contrast=\"none\">Drawing<\/span><\/p>\n<\/td>\n<\/tr>\n<tr aria-rowindex=\"3\">\n<td data-celllook=\"0\">\n<p><b><span data-contrast=\"none\">Compatible Models<\/span><\/b><\/p>\n<\/td>\n<\/tr>\n<tr aria-rowindex=\"4\">\n<td data-celllook=\"0\">\n<p><span data-contrast=\"none\">All EPC Panel PC models<\/span><\/p>\n<\/td>\n<\/tr>\n<\/tbody>\n<\/table>\n\t\t\t\t\t\t\t\t<\/div>\n\t\t\t\t<\/div>\n\t\t\t\t\t<\/div>\n\t\t\t\t<\/div>\n\t\t<div class=\"wd-negative-gap elementor-element elementor-element-5fd9a21 e-flex e-con-boxed e-con e-parent\" data-id=\"5fd9a21\" data-element_type=\"container\" data-e-type=\"container\">\n\t\t\t\t\t<div class=\"e-con-inner\">\n\t\t\t\t<div class=\"elementor-element elementor-element-1229dce elementor-widget elementor-widget-html\" data-id=\"1229dce\" data-element_type=\"widget\" data-e-type=\"widget\" data-widget_type=\"html.default\">\n\t\t\t\t<div class=\"elementor-widget-container\">\n\t\t\t\t\t<style>\r\nh1.entry-title {display:none;}    \r\n  legend, h1, .title {color:#fff;} \r\n  .wd-el-title{color:#2b3863!important;} \r\n<\/style>\r\n\t\t\t\t<\/div>\n\t\t\t\t<\/div>\n\t\t\t\t\t<\/div>\n\t\t\t\t<\/div>\n\t\t\t\t<\/div>\n\t\t","protected":false},"excerpt":{"rendered":"<p>Gain the advantage of rapid field installation with panel mounting brackets specifically designed for E-Life EPC series Panel PCs. E-LIFE<\/p>\n","protected":false},"featured_media":33818,"template":"","meta":[],"product_brand":[458],"product_cat":[1014,1015],"product_tag":[],"class_list":{"0":"post-50413","1":"product","2":"type-product","3":"status-publish","4":"has-post-thumbnail","6":"product_brand-e-life","7":"product_cat-e-life-solutions-en","8":"product_cat-industrial-computers","10":"first","11":"instock","12":"shipping-taxable","13":"purchasable","14":"product-type-simple"},"_links":{"self":[{"href":"https:\/\/noyatech.com\/en\/wp-json\/wp\/v2\/product\/50413","targetHints":{"allow":["GET"]}}],"collection":[{"href":"https:\/\/noyatech.com\/en\/wp-json\/wp\/v2\/product"}],"about":[{"href":"https:\/\/noyatech.com\/en\/wp-json\/wp\/v2\/types\/product"}],"version-history":[{"count":0,"href":"https:\/\/noyatech.com\/en\/wp-json\/wp\/v2\/product\/50413\/revisions"}],"wp:featuredmedia":[{"embeddable":true,"href":"https:\/\/noyatech.com\/en\/wp-json\/wp\/v2\/media\/33818"}],"wp:attachment":[{"href":"https:\/\/noyatech.com\/en\/wp-json\/wp\/v2\/media?parent=50413"}],"wp:term":[{"taxonomy":"product_brand","embeddable":true,"href":"https:\/\/noyatech.com\/en\/wp-json\/wp\/v2\/product_brand?post=50413"},{"taxonomy":"product_cat","embeddable":true,"href":"https:\/\/noyatech.com\/en\/wp-json\/wp\/v2\/product_cat?post=50413"},{"taxonomy":"product_tag","embeddable":true,"href":"https:\/\/noyatech.com\/en\/wp-json\/wp\/v2\/product_tag?post=50413"}],"curies":[{"name":"wp","href":"https:\/\/api.w.org\/{rel}","templated":true}]}}