{"id":43572,"date":"2024-11-13T19:14:13","date_gmt":"2024-11-13T16:14:13","guid":{"rendered":"https:\/\/noyatech.com\/getac-5"},"modified":"2026-02-13T09:23:00","modified_gmt":"2026-02-13T06:23:00","slug":"getac-5","status":"publish","type":"page","link":"https:\/\/noyatech.com\/en\/getac-5\/","title":{"rendered":"Getac"},"content":{"rendered":"\t\t<div data-elementor-type=\"wp-page\" data-elementor-id=\"43572\" class=\"elementor elementor-43572 elementor-18460\" data-elementor-post-type=\"page\">\n\t\t\t\t<div class=\"elementor-element elementor-element-bd04519 e-con-full wd-section-stretch e-flex e-con e-parent\" data-id=\"bd04519\" data-element_type=\"container\" data-e-type=\"container\" data-settings=\"{&quot;background_background&quot;:&quot;classic&quot;}\">\n\t\t<div class=\"elementor-element elementor-element-7cc4263 e-con-full e-flex e-con e-child\" data-id=\"7cc4263\" data-element_type=\"container\" data-e-type=\"container\">\n\t\t\t\t<div class=\"elementor-element elementor-element-1dd85db elementor-widget elementor-widget-image\" data-id=\"1dd85db\" data-element_type=\"widget\" data-e-type=\"widget\" data-widget_type=\"image.default\">\n\t\t\t\t<div class=\"elementor-widget-container\">\n\t\t\t\t\t\t\t\t\t\t\t\t\t\t\t<img decoding=\"async\" width=\"300\" height=\"90\" src=\"https:\/\/noyatech.com\/wp-content\/uploads\/2024\/11\/noyatech-getac-logo-1.png\" class=\"attachment-large size-large wp-image-37133\" alt=\"\" srcset=\"https:\/\/noyatech.com\/wp-content\/uploads\/2024\/11\/noyatech-getac-logo-1.png 300w, https:\/\/noyatech.com\/wp-content\/uploads\/2024\/11\/noyatech-getac-logo-1-150x45.png 150w\" sizes=\"(max-width: 300px) 100vw, 300px\">\t\t\t\t\t\t\t\t\t\t\t\t\t\t\t<\/div>\n\t\t\t\t<\/div>\n\t\t\t\t<\/div>\n\t\t<div class=\"elementor-element elementor-element-6c3a921 e-con-full e-flex e-con e-child\" data-id=\"6c3a921\" data-element_type=\"container\" data-e-type=\"container\">\n\t\t\t\t<div class=\"elementor-element elementor-element-0c8064f color-scheme-inherit text-left elementor-widget elementor-widget-text-editor\" data-id=\"0c8064f\" data-element_type=\"widget\" data-e-type=\"widget\" data-widget_type=\"text-editor.default\">\n\t\t\t\t<div class=\"elementor-widget-container\">\n\t\t\t\t\t\t\t\t\t<h1>Getac<\/h1><br>Founded in 1989, Taiwan-based Getac Technology Corporation is one of the world&#8217;s leading manufacturers of rugged tablets and notebooks designed for use in harsh environments. Designed to withstand the harshest and most extreme conditions, Getac products have been sold in Turkey since 2014 through Noya Dijital D\u00f6n\u00fc\u015f\u00fcm Teknolojileri, an authorized distributor.<br><br>Appointed an Authorized Service Center by Getac in 2015, our company provides comprehensive after-sales service for the Getac products it sells.\t\t\t\t\t\t\t\t<\/div>\n\t\t\t\t<\/div>\n\t\t\t\t<\/div>\n\t\t\t\t<\/div>\n\t\t<div class=\"elementor-element elementor-element-e0b3d18 e-flex e-con-boxed e-con e-parent\" data-id=\"e0b3d18\" data-element_type=\"container\" data-e-type=\"container\">\n\t\t\t\t\t<div class=\"e-con-inner\">\n\t\t<div class=\"elementor-element elementor-element-a918847 e-con-full e-flex e-con e-child\" data-id=\"a918847\" data-element_type=\"container\" data-e-type=\"container\">\n\t\t\t\t<\/div>\n\t\t\t\t\t<\/div>\n\t\t\t\t<\/div>\n\t\t\t\t<\/div>\n\t\t","protected":false},"excerpt":{"rendered":"<p>Getac Founded in 1989, Taiwan-based Getac Technology Corporation is one of the world&#8217;s leading manufacturers of rugged tablets and notebooks<\/p>\n","protected":false},"author":200020,"featured_media":0,"parent":0,"menu_order":0,"comment_status":"closed","ping_status":"closed","template":"elementor_theme","meta":{"footnotes":""},"class_list":["post-43572","page","type-page","status-publish","hentry"],"_links":{"self":[{"href":"https:\/\/noyatech.com\/en\/wp-json\/wp\/v2\/pages\/43572","targetHints":{"allow":["GET"]}}],"collection":[{"href":"https:\/\/noyatech.com\/en\/wp-json\/wp\/v2\/pages"}],"about":[{"href":"https:\/\/noyatech.com\/en\/wp-json\/wp\/v2\/types\/page"}],"author":[{"embeddable":true,"href":"https:\/\/noyatech.com\/en\/wp-json\/wp\/v2\/users\/200020"}],"replies":[{"embeddable":true,"href":"https:\/\/noyatech.com\/en\/wp-json\/wp\/v2\/comments?post=43572"}],"version-history":[{"count":0,"href":"https:\/\/noyatech.com\/en\/wp-json\/wp\/v2\/pages\/43572\/revisions"}],"wp:attachment":[{"href":"https:\/\/noyatech.com\/en\/wp-json\/wp\/v2\/media?parent=43572"}],"curies":[{"name":"wp","href":"https:\/\/api.w.org\/{rel}","templated":true}]}}