{"id":43571,"date":"2024-11-13T18:48:44","date_gmt":"2024-11-13T15:48:44","guid":{"rendered":"https:\/\/noyatech.com\/elo-touch"},"modified":"2026-02-13T09:22:55","modified_gmt":"2026-02-13T06:22:55","slug":"elo-touch","status":"publish","type":"page","link":"https:\/\/noyatech.com\/en\/elo-touch\/","title":{"rendered":"Elo Touch"},"content":{"rendered":"\t\t<div data-elementor-type=\"wp-page\" data-elementor-id=\"43571\" class=\"elementor elementor-43571 elementor-18367\" data-elementor-post-type=\"page\">\n\t\t\t\t<div class=\"elementor-element elementor-element-6d014a4 e-con-full wd-section-stretch e-flex e-con e-parent\" data-id=\"6d014a4\" data-element_type=\"container\" data-e-type=\"container\" data-settings=\"{&quot;background_background&quot;:&quot;classic&quot;}\">\n\t\t<div class=\"elementor-element elementor-element-c49e7fb e-con-full e-flex e-con e-child\" data-id=\"c49e7fb\" data-element_type=\"container\" data-e-type=\"container\">\n\t\t\t\t<div class=\"elementor-element elementor-element-697b678 elementor-widget elementor-widget-image\" data-id=\"697b678\" data-element_type=\"widget\" data-e-type=\"widget\" data-widget_type=\"image.default\">\n\t\t\t\t<div class=\"elementor-widget-container\">\n\t\t\t\t\t\t\t\t\t\t\t\t\t\t\t<img decoding=\"async\" width=\"219\" height=\"183\" src=\"https:\/\/noyatech.com\/wp-content\/uploads\/2024\/11\/noyatech-elo-logo-1.png\" class=\"attachment-large size-large wp-image-37134\" alt=\"\" srcset=\"https:\/\/noyatech.com\/wp-content\/uploads\/2024\/11\/noyatech-elo-logo-1.png 219w, https:\/\/noyatech.com\/wp-content\/uploads\/2024\/11\/noyatech-elo-logo-1-150x125.png 150w\" sizes=\"(max-width: 219px) 100vw, 219px\">\t\t\t\t\t\t\t\t\t\t\t\t\t\t\t<\/div>\n\t\t\t\t<\/div>\n\t\t\t\t<\/div>\n\t\t<div class=\"elementor-element elementor-element-03b8ed5 e-con-full e-flex e-con e-child\" data-id=\"03b8ed5\" data-element_type=\"container\" data-e-type=\"container\">\n\t\t\t\t<div class=\"elementor-element elementor-element-6e57280 color-scheme-inherit text-left elementor-widget elementor-widget-text-editor\" data-id=\"6e57280\" data-element_type=\"widget\" data-e-type=\"widget\" data-widget_type=\"text-editor.default\">\n\t\t\t\t<div class=\"elementor-widget-container\">\n\t\t\t\t\t\t\t\t\t<h1>Elo Touch Solutions<\/h1>\n<p>Elo Touch was founded over 40 years ago and holds the title of being the company that first invented the touchscreen. As the world&#8217;s largest touchscreen manufacturer, Elo Touch Solutions has sold over 20 million units worldwide, producing a comprehensive product line of touchscreen monitors and computers suitable for a wide range of applications.<\/p>\n<p>Since 2007, Noya Dijital D\u00f6n\u00fc\u015f\u00fcm Teknolojileri has been authorized as the sole distributor in Turkey and provides all Elo Touch brand touchscreens, touchscreen monitors, and touchscreen computers to its business partners and customers. Also appointed as an Elo Authorized Service Partner in 2010, Noya Bilgisayar provides effective after-sales support and is authorized to perform warranty repairs on all Elo products.<\/p>\n\t\t\t\t\t\t\t\t<\/div>\n\t\t\t\t<\/div>\n\t\t\t\t<\/div>\n\t\t\t\t<\/div>\n\t\t<div class=\"elementor-element elementor-element-880d513 e-flex e-con-boxed e-con e-parent\" data-id=\"880d513\" data-element_type=\"container\" data-e-type=\"container\">\n\t\t\t\t\t<div class=\"e-con-inner\">\n\t\t<div class=\"elementor-element elementor-element-d7fdcbe e-con-full e-flex e-con e-child\" data-id=\"d7fdcbe\" data-element_type=\"container\" data-e-type=\"container\">\n\t\t\t\t<\/div>\n\t\t\t\t\t<\/div>\n\t\t\t\t<\/div>\n\t\t\t\t<\/div>\n\t\t","protected":false},"excerpt":{"rendered":"<p>Elo Touch Solutions Elo Touch was founded over 40 years ago and holds the title of being the company that<\/p>\n","protected":false},"author":200020,"featured_media":0,"parent":0,"menu_order":0,"comment_status":"closed","ping_status":"closed","template":"elementor_theme","meta":{"footnotes":""},"class_list":["post-43571","page","type-page","status-publish","hentry"],"_links":{"self":[{"href":"https:\/\/noyatech.com\/en\/wp-json\/wp\/v2\/pages\/43571","targetHints":{"allow":["GET"]}}],"collection":[{"href":"https:\/\/noyatech.com\/en\/wp-json\/wp\/v2\/pages"}],"about":[{"href":"https:\/\/noyatech.com\/en\/wp-json\/wp\/v2\/types\/page"}],"author":[{"embeddable":true,"href":"https:\/\/noyatech.com\/en\/wp-json\/wp\/v2\/users\/200020"}],"replies":[{"embeddable":true,"href":"https:\/\/noyatech.com\/en\/wp-json\/wp\/v2\/comments?post=43571"}],"version-history":[{"count":0,"href":"https:\/\/noyatech.com\/en\/wp-json\/wp\/v2\/pages\/43571\/revisions"}],"wp:attachment":[{"href":"https:\/\/noyatech.com\/en\/wp-json\/wp\/v2\/media?parent=43571"}],"curies":[{"name":"wp","href":"https:\/\/api.w.org\/{rel}","templated":true}]}}