{"id":43570,"date":"2024-11-14T18:08:41","date_gmt":"2024-11-14T15:08:41","guid":{"rendered":"https:\/\/noyatech.com\/e-life-solutions"},"modified":"2026-02-13T09:22:55","modified_gmt":"2026-02-13T06:22:55","slug":"e-life-solutions","status":"publish","type":"page","link":"https:\/\/noyatech.com\/en\/e-life-solutions\/","title":{"rendered":"E-Life Solutions"},"content":{"rendered":"\t\t<div data-elementor-type=\"wp-page\" data-elementor-id=\"43570\" class=\"elementor elementor-43570 elementor-19173\" data-elementor-post-type=\"page\">\n\t\t\t\t<div class=\"elementor-element elementor-element-bd04519 e-con-full wd-section-stretch e-flex e-con e-parent\" data-id=\"bd04519\" data-element_type=\"container\" data-e-type=\"container\" data-settings=\"{&quot;background_background&quot;:&quot;classic&quot;}\">\n\t\t<div class=\"elementor-element elementor-element-7cc4263 e-con-full e-flex e-con e-child\" data-id=\"7cc4263\" data-element_type=\"container\" data-e-type=\"container\">\n\t\t\t\t<div class=\"elementor-element elementor-element-1dd85db elementor-widget elementor-widget-image\" data-id=\"1dd85db\" data-element_type=\"widget\" data-e-type=\"widget\" data-widget_type=\"image.default\">\n\t\t\t\t<div class=\"elementor-widget-container\">\n\t\t\t\t\t\t\t\t\t\t\t\t\t\t\t<img decoding=\"async\" width=\"210\" height=\"161\" src=\"https:\/\/noyatech.com\/wp-content\/uploads\/2025\/03\/noyatech-elife-logo-1.png\" class=\"attachment-large size-large wp-image-37395\" alt=\"\" srcset=\"https:\/\/noyatech.com\/wp-content\/uploads\/2025\/03\/noyatech-elife-logo-1.png 210w, https:\/\/noyatech.com\/wp-content\/uploads\/2025\/03\/noyatech-elife-logo-1-150x115.png 150w\" sizes=\"(max-width: 210px) 100vw, 210px\">\t\t\t\t\t\t\t\t\t\t\t\t\t\t\t<\/div>\n\t\t\t\t<\/div>\n\t\t\t\t<\/div>\n\t\t<div class=\"elementor-element elementor-element-6c3a921 e-con-full e-flex e-con e-child\" data-id=\"6c3a921\" data-element_type=\"container\" data-e-type=\"container\">\n\t\t\t\t<div class=\"elementor-element elementor-element-0c8064f color-scheme-inherit text-left elementor-widget elementor-widget-text-editor\" data-id=\"0c8064f\" data-element_type=\"widget\" data-e-type=\"widget\" data-widget_type=\"text-editor.default\">\n\t\t\t\t<div class=\"elementor-widget-container\">\n\t\t\t\t\t\t\t\t\t<h1>E-Life Solutions<\/h1><br>E-Life Solutions, our company&#8217;s registered trademark, has been the primary brand for all products manufactured by Noya Dijital D\u00f6n\u00fc\u015f\u00fcm Teknolojileri since 2004, including Touchscreen PCs, Kiosks, and Industrial Box PCs. The high-quality products produced under the E-Life brand have become successful and preferred in their respective fields in Turkey.<br><br>Our company continuously updates E-Life branded products with developing technologies and provides its business partners and customers with comprehensive after-sales service.\t\t\t\t\t\t\t\t<\/div>\n\t\t\t\t<\/div>\n\t\t\t\t<\/div>\n\t\t\t\t<\/div>\n\t\t<div class=\"elementor-element elementor-element-4f983df e-flex e-con-boxed e-con e-parent\" data-id=\"4f983df\" data-element_type=\"container\" data-e-type=\"container\">\n\t\t\t\t\t<div class=\"e-con-inner\">\n\t\t<div class=\"elementor-element elementor-element-ff63107 e-con-full e-flex e-con e-child\" data-id=\"ff63107\" data-element_type=\"container\" data-e-type=\"container\">\n\t\t\t\t<\/div>\n\t\t\t\t\t<\/div>\n\t\t\t\t<\/div>\n\t\t\t\t<\/div>\n\t\t","protected":false},"excerpt":{"rendered":"<p>E-Life Solutions E-Life Solutions, our company&#8217;s registered trademark, has been the primary brand for all products manufactured by Noya Dijital<\/p>\n","protected":false},"author":200020,"featured_media":0,"parent":0,"menu_order":0,"comment_status":"closed","ping_status":"closed","template":"elementor_theme","meta":{"footnotes":""},"class_list":["post-43570","page","type-page","status-publish","hentry"],"_links":{"self":[{"href":"https:\/\/noyatech.com\/en\/wp-json\/wp\/v2\/pages\/43570","targetHints":{"allow":["GET"]}}],"collection":[{"href":"https:\/\/noyatech.com\/en\/wp-json\/wp\/v2\/pages"}],"about":[{"href":"https:\/\/noyatech.com\/en\/wp-json\/wp\/v2\/types\/page"}],"author":[{"embeddable":true,"href":"https:\/\/noyatech.com\/en\/wp-json\/wp\/v2\/users\/200020"}],"replies":[{"embeddable":true,"href":"https:\/\/noyatech.com\/en\/wp-json\/wp\/v2\/comments?post=43570"}],"version-history":[{"count":0,"href":"https:\/\/noyatech.com\/en\/wp-json\/wp\/v2\/pages\/43570\/revisions"}],"wp:attachment":[{"href":"https:\/\/noyatech.com\/en\/wp-json\/wp\/v2\/media?parent=43570"}],"curies":[{"name":"wp","href":"https:\/\/api.w.org\/{rel}","templated":true}]}}