{"id":43569,"date":"2025-03-06T17:19:35","date_gmt":"2025-03-06T14:19:35","guid":{"rendered":"https:\/\/noyatech.com\/e-life-smart-city"},"modified":"2026-02-13T09:22:53","modified_gmt":"2026-02-13T06:22:53","slug":"e-life-smart-city","status":"publish","type":"page","link":"https:\/\/noyatech.com\/en\/e-life-smart-city\/","title":{"rendered":"E-Life Smart City"},"content":{"rendered":"\t\t<div data-elementor-type=\"wp-page\" data-elementor-id=\"43569\" class=\"elementor elementor-43569 elementor-24480\" data-elementor-post-type=\"page\">\n\t\t\t\t<div class=\"elementor-element elementor-element-bd04519 e-con-full wd-section-stretch e-flex e-con e-parent\" data-id=\"bd04519\" data-element_type=\"container\" data-e-type=\"container\" data-settings=\"{&quot;background_background&quot;:&quot;classic&quot;}\">\n\t\t<div class=\"elementor-element elementor-element-7cc4263 e-con-full e-flex e-con e-child\" data-id=\"7cc4263\" data-element_type=\"container\" data-e-type=\"container\">\n\t\t\t\t<div class=\"elementor-element elementor-element-1dd85db elementor-widget elementor-widget-image\" data-id=\"1dd85db\" data-element_type=\"widget\" data-e-type=\"widget\" data-widget_type=\"image.default\">\n\t\t\t\t<div class=\"elementor-widget-container\">\n\t\t\t\t\t\t\t\t\t\t\t\t\t\t\t<img decoding=\"async\" width=\"211\" height=\"164\" src=\"https:\/\/noyatech.com\/wp-content\/uploads\/2025\/03\/noyatech-elife-smart-city-logo-1.png\" class=\"attachment-large size-large wp-image-37396\" alt=\"\" srcset=\"https:\/\/noyatech.com\/wp-content\/uploads\/2025\/03\/noyatech-elife-smart-city-logo-1.png 211w, https:\/\/noyatech.com\/wp-content\/uploads\/2025\/03\/noyatech-elife-smart-city-logo-1-150x117.png 150w\" sizes=\"(max-width: 211px) 100vw, 211px\">\t\t\t\t\t\t\t\t\t\t\t\t\t\t\t<\/div>\n\t\t\t\t<\/div>\n\t\t\t\t<\/div>\n\t\t<div class=\"elementor-element elementor-element-6c3a921 e-con-full e-flex e-con e-child\" data-id=\"6c3a921\" data-element_type=\"container\" data-e-type=\"container\">\n\t\t\t\t<div class=\"elementor-element elementor-element-0c8064f color-scheme-inherit text-left elementor-widget elementor-widget-text-editor\" data-id=\"0c8064f\" data-element_type=\"widget\" data-e-type=\"widget\" data-widget_type=\"text-editor.default\">\n\t\t\t\t<div class=\"elementor-widget-container\">\n\t\t\t\t\t\t\t\t\t<h1>E-life Smart City<\/h1><br>Our company&#8217;s main brand, E-Life, has successfully served numerous projects since its first prototypes were produced in 2006. E-Life Kiosk products stand out with their advanced features, offering all the necessary functionality, in addition to standard models, as well as custom-designed products.<br><br>The E-Life Kiosk TVM series Outdoor Ticket Sales and Card Top-Up kiosks, completed in 2012, currently provide uninterrupted service in 12 cities across Turkey. Noya Dijital D\u00f6n\u00fc\u015f\u00fcm Teknolojileri continues its product development efforts in the field of kiosk solutions.\t\t\t\t\t\t\t\t<\/div>\n\t\t\t\t<\/div>\n\t\t\t\t<\/div>\n\t\t\t\t<\/div>\n\t\t<div class=\"elementor-element elementor-element-f8cc372 e-flex e-con-boxed e-con e-parent\" data-id=\"f8cc372\" data-element_type=\"container\" data-e-type=\"container\">\n\t\t\t\t\t<div class=\"e-con-inner\">\n\t\t<div class=\"elementor-element elementor-element-7623472 e-con-full e-flex e-con e-child\" data-id=\"7623472\" data-element_type=\"container\" data-e-type=\"container\">\n\t\t\t\t<\/div>\n\t\t\t\t\t<\/div>\n\t\t\t\t<\/div>\n\t\t\t\t<\/div>\n\t\t","protected":false},"excerpt":{"rendered":"<p>E-life Smart City Our company&#8217;s main brand, E-Life, has successfully served numerous projects since its first prototypes were produced in<\/p>\n","protected":false},"author":200020,"featured_media":0,"parent":0,"menu_order":0,"comment_status":"closed","ping_status":"closed","template":"elementor_theme","meta":{"footnotes":""},"class_list":["post-43569","page","type-page","status-publish","hentry"],"_links":{"self":[{"href":"https:\/\/noyatech.com\/en\/wp-json\/wp\/v2\/pages\/43569","targetHints":{"allow":["GET"]}}],"collection":[{"href":"https:\/\/noyatech.com\/en\/wp-json\/wp\/v2\/pages"}],"about":[{"href":"https:\/\/noyatech.com\/en\/wp-json\/wp\/v2\/types\/page"}],"author":[{"embeddable":true,"href":"https:\/\/noyatech.com\/en\/wp-json\/wp\/v2\/users\/200020"}],"replies":[{"embeddable":true,"href":"https:\/\/noyatech.com\/en\/wp-json\/wp\/v2\/comments?post=43569"}],"version-history":[{"count":0,"href":"https:\/\/noyatech.com\/en\/wp-json\/wp\/v2\/pages\/43569\/revisions"}],"wp:attachment":[{"href":"https:\/\/noyatech.com\/en\/wp-json\/wp\/v2\/media?parent=43569"}],"curies":[{"name":"wp","href":"https:\/\/api.w.org\/{rel}","templated":true}]}}