{"id":43556,"date":"2025-03-06T16:27:14","date_gmt":"2025-03-06T13:27:14","guid":{"rendered":"https:\/\/noyatech.com\/aplex-4"},"modified":"2026-02-13T09:22:40","modified_gmt":"2026-02-13T06:22:40","slug":"aplex-4","status":"publish","type":"page","link":"https:\/\/noyatech.com\/en\/aplex-4\/","title":{"rendered":"Aplex"},"content":{"rendered":"\t\t<div data-elementor-type=\"wp-page\" data-elementor-id=\"43556\" class=\"elementor elementor-43556 elementor-24400\" data-elementor-post-type=\"page\">\n\t\t\t\t<div class=\"elementor-element elementor-element-bd04519 e-con-full wd-section-stretch e-flex e-con e-parent\" data-id=\"bd04519\" data-element_type=\"container\" data-e-type=\"container\" data-settings=\"{&quot;background_background&quot;:&quot;classic&quot;}\">\n\t\t<div class=\"elementor-element elementor-element-7cc4263 e-con-full e-flex e-con e-child\" data-id=\"7cc4263\" data-element_type=\"container\" data-e-type=\"container\">\n\t\t\t\t<div class=\"elementor-element elementor-element-1dd85db elementor-widget elementor-widget-image\" data-id=\"1dd85db\" data-element_type=\"widget\" data-e-type=\"widget\" data-widget_type=\"image.default\">\n\t\t\t\t<div class=\"elementor-widget-container\">\n\t\t\t\t\t\t\t\t\t\t\t\t\t\t\t<img fetchpriority=\"high\" decoding=\"async\" width=\"570\" height=\"155\" src=\"https:\/\/noyatech.com\/wp-content\/uploads\/2025\/03\/noyatech-aplex-logo-1.png\" class=\"attachment-large size-large wp-image-37387\" alt=\"\" srcset=\"https:\/\/noyatech.com\/wp-content\/uploads\/2025\/03\/noyatech-aplex-logo-1.png 570w, https:\/\/noyatech.com\/wp-content\/uploads\/2025\/03\/noyatech-aplex-logo-1-150x41.png 150w, https:\/\/noyatech.com\/wp-content\/uploads\/2025\/03\/noyatech-aplex-logo-1-400x109.png 400w\" sizes=\"(max-width: 570px) 100vw, 570px\">\t\t\t\t\t\t\t\t\t\t\t\t\t\t\t<\/div>\n\t\t\t\t<\/div>\n\t\t\t\t<\/div>\n\t\t<div class=\"elementor-element elementor-element-6c3a921 e-con-full e-flex e-con e-child\" data-id=\"6c3a921\" data-element_type=\"container\" data-e-type=\"container\">\n\t\t\t\t<div class=\"elementor-element elementor-element-0c8064f color-scheme-inherit text-left elementor-widget elementor-widget-text-editor\" data-id=\"0c8064f\" data-element_type=\"widget\" data-e-type=\"widget\" data-widget_type=\"text-editor.default\">\n\t\t\t\t<div class=\"elementor-widget-container\">\n\t\t\t\t\t\t\t\t\t<h1>APLEX Technology<\/h1><br>Founded in 2004, Taiwan-based Aplex Technology Inc. is a technology company focused on developing high-quality Industrial Panel PCs and Box PCs. Aplex specializes in developing Panel PCs with stainless steel casings and IP65 insulation, and has proven its quality in this field.<br><br>Noya Dijital D\u00f6n\u00fc\u015f\u00fcm Teknolojileri, appointed as the sole distributor in Turkey in 2014, supplies Aplex products from its stock at competitive prices to its business partners and customers. Our company also serves as an authorized Aplex support center.\t\t\t\t\t\t\t\t<\/div>\n\t\t\t\t<\/div>\n\t\t\t\t<\/div>\n\t\t\t\t<\/div>\n\t\t<div class=\"wd-negative-gap elementor-element elementor-element-d80de50 wd-section-stretch e-flex e-con-boxed e-con e-parent\" data-id=\"d80de50\" data-element_type=\"container\" data-e-type=\"container\">\n\t\t\t\t\t<div class=\"e-con-inner\">\n\t\t<div class=\"elementor-element elementor-element-d1c4a3c e-con-full e-flex e-con e-child\" data-id=\"d1c4a3c\" data-element_type=\"container\" data-e-type=\"container\">\n\t\t\t\t<\/div>\n\t\t\t\t\t<\/div>\n\t\t\t\t<\/div>\n\t\t\t\t<\/div>\n\t\t","protected":false},"excerpt":{"rendered":"<p>APLEX Technology Founded in 2004, Taiwan-based Aplex Technology Inc. is a technology company focused on developing high-quality Industrial Panel PCs<\/p>\n","protected":false},"author":200020,"featured_media":0,"parent":0,"menu_order":0,"comment_status":"closed","ping_status":"closed","template":"elementor_theme","meta":{"footnotes":""},"class_list":["post-43556","page","type-page","status-publish","hentry"],"_links":{"self":[{"href":"https:\/\/noyatech.com\/en\/wp-json\/wp\/v2\/pages\/43556","targetHints":{"allow":["GET"]}}],"collection":[{"href":"https:\/\/noyatech.com\/en\/wp-json\/wp\/v2\/pages"}],"about":[{"href":"https:\/\/noyatech.com\/en\/wp-json\/wp\/v2\/types\/page"}],"author":[{"embeddable":true,"href":"https:\/\/noyatech.com\/en\/wp-json\/wp\/v2\/users\/200020"}],"replies":[{"embeddable":true,"href":"https:\/\/noyatech.com\/en\/wp-json\/wp\/v2\/comments?post=43556"}],"version-history":[{"count":0,"href":"https:\/\/noyatech.com\/en\/wp-json\/wp\/v2\/pages\/43556\/revisions"}],"wp:attachment":[{"href":"https:\/\/noyatech.com\/en\/wp-json\/wp\/v2\/media?parent=43556"}],"curies":[{"name":"wp","href":"https:\/\/api.w.org\/{rel}","templated":true}]}}