{"id":42702,"date":"2024-11-12T17:34:03","date_gmt":"2024-11-12T14:34:03","guid":{"rendered":"https:\/\/yeni.noyatech.com\/akilli-sehir"},"modified":"2026-02-13T09:17:16","modified_gmt":"2026-02-13T06:17:16","slug":"smart-cities","status":"publish","type":"page","link":"https:\/\/noyatech.com\/en\/smart-cities\/","title":{"rendered":"Smart Cities"},"content":{"rendered":"\t\t<div data-elementor-type=\"wp-page\" data-elementor-id=\"42702\" class=\"elementor elementor-42702 elementor-18325\" data-elementor-post-type=\"page\">\n\t\t\t\t<div class=\"wd-negative-gap elementor-element elementor-element-8725c28 wd-section-stretch e-flex e-con-boxed e-con e-parent\" data-id=\"8725c28\" data-element_type=\"container\" data-e-type=\"container\" data-settings=\"{&quot;background_background&quot;:&quot;classic&quot;}\">\n\t\t\t\t\t<div class=\"e-con-inner\">\n\t\t\t\t<div class=\"elementor-element elementor-element-b251ca0 text-center color-scheme-inherit elementor-widget elementor-widget-text-editor\" data-id=\"b251ca0\" data-element_type=\"widget\" data-e-type=\"widget\" data-widget_type=\"text-editor.default\">\n\t\t\t\t<div class=\"elementor-widget-container\">\n\t\t\t\t\t\t\t\t\t<h3><strong>Smart Cities:<br \/>\nLiving Spaces of the Future<\/strong><\/h3>\n\t\t\t\t\t\t\t\t<\/div>\n\t\t\t\t<\/div>\n\t\t\t\t<div class=\"elementor-element elementor-element-8a8f5d7 text-center color-scheme-inherit elementor-widget elementor-widget-text-editor\" data-id=\"8a8f5d7\" data-element_type=\"widget\" data-e-type=\"widget\" data-widget_type=\"text-editor.default\">\n\t\t\t\t<div class=\"elementor-widget-container\">\n\t\t\t\t\t\t\t\t\t<p>Today, the majority of the world\u2019s population lives in urban areas\u2014and this figure continues to grow each year. By 2050, the number of people living in cities is expected to double compared to 2007. This rapid urbanization brings new challenges in areas such as transportation, energy, environment, and quality of life. At this point, <strong>Smart Cities<\/strong> emerge as a new model where digital technologies are integrated into urban infrastructure to enable sustainable and livable urban life.<\/p>\n\t\t\t\t\t\t\t\t<\/div>\n\t\t\t\t<\/div>\n\t\t\t\t\t<\/div>\n\t\t\t\t<\/div>\n\t\t<div class=\"elementor-element elementor-element-1414f85 e-flex e-con-boxed e-con e-parent\" data-id=\"1414f85\" data-element_type=\"container\" data-e-type=\"container\">\n\t\t\t\t\t<div class=\"e-con-inner\">\n\t\t<div class=\"elementor-element elementor-element-ff35d2c e-con-full e-flex e-con e-child\" data-id=\"ff35d2c\" data-element_type=\"container\" data-e-type=\"container\">\n\t\t\t\t<div class=\"elementor-element elementor-element-73c3a84 elementor-widget elementor-widget-image\" data-id=\"73c3a84\" data-element_type=\"widget\" data-e-type=\"widget\" data-widget_type=\"image.default\">\n\t\t\t\t<div class=\"elementor-widget-container\">\n\t\t\t\t\t\t\t\t\t\t\t\t\t\t\t<img fetchpriority=\"high\" decoding=\"async\" width=\"722\" height=\"606\" src=\"https:\/\/noyatech.com\/wp-content\/uploads\/2019\/12\/akillisehir.png\" class=\"attachment-large size-large wp-image-34092\" alt=\"\" srcset=\"https:\/\/noyatech.com\/wp-content\/uploads\/2019\/12\/akillisehir.png 722w, https:\/\/noyatech.com\/wp-content\/uploads\/2019\/12\/akillisehir-150x126.png 150w, https:\/\/noyatech.com\/wp-content\/uploads\/2019\/12\/akillisehir-700x588.png 700w\" sizes=\"(max-width: 722px) 100vw, 722px\">\t\t\t\t\t\t\t\t\t\t\t\t\t\t\t<\/div>\n\t\t\t\t<\/div>\n\t\t\t\t<\/div>\n\t\t<div class=\"elementor-element elementor-element-0c66a3c e-con-full e-flex e-con e-child\" data-id=\"0c66a3c\" data-element_type=\"container\" data-e-type=\"container\">\n\t\t\t\t<div class=\"elementor-element elementor-element-934dfca wd-width-100 elementor-widget elementor-widget-wd_title\" data-id=\"934dfca\" data-element_type=\"widget\" data-e-type=\"widget\" data-widget_type=\"wd_title.default\">\n\t\t\t\t<div class=\"elementor-widget-container\">\n\t\t\t\t\t\t\t<div class=\"title-wrapper wd-set-mb reset-last-child wd-title-color-primary wd-title-style-default wd-title-size-small text-left\">\n\n\t\t\t\n\t\t\t<div class=\"liner-continer\">\n\t\t\t\t<h3 class=\"woodmart-title-container title wd-fontsize-m\">Urban Services Redefined Through Digital Technologies<\/h3> \n\t\t\t\t\t\t\t<\/div>\n\n\t\t\t\t\t<\/div>\n\t\t\t\t\t\t<\/div>\n\t\t\t\t<\/div>\n\t\t\t\t<div class=\"elementor-element elementor-element-82be0e9 color-scheme-inherit text-left elementor-widget elementor-widget-text-editor\" data-id=\"82be0e9\" data-element_type=\"widget\" data-e-type=\"widget\" data-widget_type=\"text-editor.default\">\n\t\t\t\t<div class=\"elementor-widget-container\">\n\t\t\t\t\t\t\t\t\t<p>In smart cities, services are optimized using data-driven intelligent systems across all areas\u2014from traffic management to public transportation, energy distribution to environmental sustainability. Key goals include easing traffic flow, reducing air pollution, and making public transit systems faster and more accessible.<\/p>\n\t\t\t\t\t\t\t\t<\/div>\n\t\t\t\t<\/div>\n\t\t\t\t<\/div>\n\t\t\t\t\t<\/div>\n\t\t\t\t<\/div>\n\t\t<div class=\"wd-negative-gap elementor-element elementor-element-524f657 wd-section-stretch e-flex e-con-boxed e-con e-parent\" data-id=\"524f657\" data-element_type=\"container\" data-e-type=\"container\" data-settings=\"{&quot;background_background&quot;:&quot;classic&quot;}\">\n\t\t\t\t\t<div class=\"e-con-inner\">\n\t\t\t\t<div class=\"elementor-element elementor-element-8a3319b text-center color-scheme-inherit elementor-widget elementor-widget-text-editor\" data-id=\"8a3319b\" data-element_type=\"widget\" data-e-type=\"widget\" data-widget_type=\"text-editor.default\">\n\t\t\t\t<div class=\"elementor-widget-container\">\n\t\t\t\t\t\t\t\t\t<h3 style=\"color: #fff;\"><strong>AI-Powered Infrastructure for Efficient Transportation<\/strong><\/h3>\n\t\t\t\t\t\t\t\t<\/div>\n\t\t\t\t<\/div>\n\t\t\t\t<div class=\"elementor-element elementor-element-098a178 text-center color-scheme-inherit elementor-widget elementor-widget-text-editor\" data-id=\"098a178\" data-element_type=\"widget\" data-e-type=\"widget\" data-widget_type=\"text-editor.default\">\n\t\t\t\t<div class=\"elementor-widget-container\">\n\t\t\t\t\t\t\t\t\t<p>Artificial intelligence-supported traffic control systems dynamically adjust light cycles based on vehicle density, reducing congestion. Real-time passenger information systems minimize wait times by sharing live location and timing updates of transit vehicles. City-wide ticket vending and card top-up kiosks offer fast and secure, contactless services that enhance user experience.<\/p>\n<p>Public transport systems have become one of the most visible components of smart cities. Outdoor passenger information displays, digital bus stop signs, and ticket kiosks are now essential elements of urban life, making inner-city transportation more organized, efficient, and user-friendly.<\/p>\n\t\t\t\t\t\t\t\t<\/div>\n\t\t\t\t<\/div>\n\t\t\t\t\t<\/div>\n\t\t\t\t<\/div>\n\t\t<div class=\"elementor-element elementor-element-7b8a409 e-flex e-con-boxed e-con e-parent\" data-id=\"7b8a409\" data-element_type=\"container\" data-e-type=\"container\">\n\t\t\t\t\t<div class=\"e-con-inner\">\n\t\t<div class=\"elementor-element elementor-element-640d1d0 e-con-full e-flex e-con e-child\" data-id=\"640d1d0\" data-element_type=\"container\" data-e-type=\"container\">\n\t\t\t\t<div class=\"elementor-element elementor-element-3c04d4a wd-width-100 elementor-widget elementor-widget-wd_title\" data-id=\"3c04d4a\" data-element_type=\"widget\" data-e-type=\"widget\" data-widget_type=\"wd_title.default\">\n\t\t\t\t<div class=\"elementor-widget-container\">\n\t\t\t\t\t\t\t<div class=\"title-wrapper wd-set-mb reset-last-child wd-title-color-primary wd-title-style-default wd-title-size-small text-left\">\n\n\t\t\t\n\t\t\t<div class=\"liner-continer\">\n\t\t\t\t<h3 class=\"woodmart-title-container title wd-fontsize-m\">Shaping the Future of Cities with Domestic Production<\/h3> \n\t\t\t\t\t\t\t<\/div>\n\n\t\t\t\t\t<\/div>\n\t\t\t\t\t\t<\/div>\n\t\t\t\t<\/div>\n\t\t\t\t<div class=\"elementor-element elementor-element-e6ae09e color-scheme-inherit text-left elementor-widget elementor-widget-text-editor\" data-id=\"e6ae09e\" data-element_type=\"widget\" data-e-type=\"widget\" data-widget_type=\"text-editor.default\">\n\t\t\t\t<div class=\"elementor-widget-container\">\n\t\t\t\t\t\t\t\t\tAt <strong>Noya Dijital D\u00f6n\u00fc\u015f\u00fcm Teknolojileri<\/strong>, we have been actively developing and producing smart city solutions since 2009. Our long-standing <strong>Inno-Cast DSD<\/strong> outdoor passenger information displays play a vital role in urban guidance and communication.<br><br>Our newly developed <strong>E-Life Kiosk TVM<\/strong> series\u2014designed and manufactured independently as one of the first domestic solutions in Turkey\u2014provide card top-up and ticket vending services, and are actively used in many cities including <strong>Samsun, \u0130zmir, Bal\u0131kesir, Ayd\u0131n, Malatya, Van, Trabzon, Sakarya, Tekirda\u011f, \u015eanl\u0131urfa, and Diyarbak\u0131r<\/strong>. With the addition of <strong>On-Board TVM systems<\/strong> (in-vehicle ticket and card kiosks), we now offer a more holistic smart transportation ecosystem.<br><br>With products that are proven in the field for durability and designed to enhance user experience and urban life, we are proud to lead the digital transformation towards smarter and more sustainable cities.\t\t\t\t\t\t\t\t<\/div>\n\t\t\t\t<\/div>\n\t\t\t\t<\/div>\n\t\t<div class=\"elementor-element elementor-element-efcbd57 e-con-full e-flex e-con e-child\" data-id=\"efcbd57\" data-element_type=\"container\" data-e-type=\"container\">\n\t\t\t\t<div class=\"elementor-element elementor-element-0ada6b3 elementor-widget elementor-widget-image\" data-id=\"0ada6b3\" data-element_type=\"widget\" data-e-type=\"widget\" data-widget_type=\"image.default\">\n\t\t\t\t<div class=\"elementor-widget-container\">\n\t\t\t\t\t\t\t\t\t\t\t\t\t\t\t<img decoding=\"async\" width=\"632\" height=\"543\" src=\"https:\/\/noyatech.com\/wp-content\/uploads\/2019\/12\/akillisehir2.png\" class=\"attachment-large size-large wp-image-34093\" alt=\"\" srcset=\"https:\/\/noyatech.com\/wp-content\/uploads\/2019\/12\/akillisehir2.png 632w, https:\/\/noyatech.com\/wp-content\/uploads\/2019\/12\/akillisehir2-150x129.png 150w, https:\/\/noyatech.com\/wp-content\/uploads\/2019\/12\/akillisehir2-600x516.png 600w\" sizes=\"(max-width: 632px) 100vw, 632px\">\t\t\t\t\t\t\t\t\t\t\t\t\t\t\t<\/div>\n\t\t\t\t<\/div>\n\t\t\t\t<\/div>\n\t\t\t\t\t<\/div>\n\t\t\t\t<\/div>\n\t\t<div class=\"wd-negative-gap elementor-element elementor-element-b93cbcd wd-section-stretch e-flex e-con-boxed e-con e-parent\" data-id=\"b93cbcd\" data-element_type=\"container\" data-e-type=\"container\" data-settings=\"{&quot;background_background&quot;:&quot;classic&quot;}\">\n\t\t\t\t\t<div class=\"e-con-inner\">\n\t\t\t\t<div class=\"elementor-element elementor-element-b34fd62 text-center color-scheme-inherit elementor-widget elementor-widget-text-editor\" data-id=\"b34fd62\" data-element_type=\"widget\" data-e-type=\"widget\" data-widget_type=\"text-editor.default\">\n\t\t\t\t<div class=\"elementor-widget-container\">\n\t\t\t\t\t\t\t\t\t<p style=\"text-align: center;\"><span style=\"color: #ffffff;\"><strong>TURKEY&#8217;S WIDEST PRODUCT RANGE<\/strong><\/span><\/p>\n\t\t\t\t\t\t\t\t<\/div>\n\t\t\t\t<\/div>\n\t\t\t\t<div class=\"elementor-element elementor-element-ec8c4dc text-center color-scheme-inherit elementor-widget elementor-widget-text-editor\" data-id=\"ec8c4dc\" data-element_type=\"widget\" data-e-type=\"widget\" data-widget_type=\"text-editor.default\">\n\t\t\t\t<div class=\"elementor-widget-container\">\n\t\t\t\t\t\t\t\t\t<p>Designed with high security and quality standards with real outdoor operation feature, E-Life Kiosk TVM series is currently used in regions such as Samsun, Denizli, Bal\u0131kesir, Ayd\u0131n, Ad\u0131yaman, A\u011fr\u0131, \u015eanl\u0131urfa, Manisa, Siirt, Diyarbak\u0131r, Malatya, Van, Hatay and is rapidly becoming widespread. With the new distribution in-vehicle card filling kiosk (On Board TVM) in this series, our company offers a complete product group in this field.<\/p>\n\t\t\t\t\t\t\t\t<\/div>\n\t\t\t\t<\/div>\n\t\t\t\t<div class=\"elementor-element elementor-element-3b071e1 elementor-widget elementor-widget-image\" data-id=\"3b071e1\" data-element_type=\"widget\" data-e-type=\"widget\" data-widget_type=\"image.default\">\n\t\t\t\t<div class=\"elementor-widget-container\">\n\t\t\t\t\t\t\t\t\t\t\t\t\t\t\t<img decoding=\"async\" width=\"413\" height=\"413\" src=\"https:\/\/noyatech.com\/wp-content\/uploads\/2025\/04\/noyatech-e-life-smartcity-logo-2.jpg\" class=\"attachment-full size-full wp-image-37800\" alt=\"\" srcset=\"https:\/\/noyatech.com\/wp-content\/uploads\/2025\/04\/noyatech-e-life-smartcity-logo-2.jpg 413w, https:\/\/noyatech.com\/wp-content\/uploads\/2025\/04\/noyatech-e-life-smartcity-logo-2-150x150.jpg 150w, https:\/\/noyatech.com\/wp-content\/uploads\/2025\/04\/noyatech-e-life-smartcity-logo-2-300x300.jpg 300w, https:\/\/noyatech.com\/wp-content\/uploads\/2025\/04\/noyatech-e-life-smartcity-logo-2-100x100.jpg 100w\" sizes=\"(max-width: 413px) 100vw, 413px\">\t\t\t\t\t\t\t\t\t\t\t\t\t\t\t<\/div>\n\t\t\t\t<\/div>\n\t\t\t\t\t<\/div>\n\t\t\t\t<\/div>\n\t\t\t\t<\/div>\n\t\t","protected":false},"excerpt":{"rendered":"<p>Smart Cities: Living Spaces of the Future Today, the majority of the world\u2019s population lives in urban areas\u2014and this figure<\/p>\n","protected":false},"author":200020,"featured_media":0,"parent":0,"menu_order":0,"comment_status":"closed","ping_status":"closed","template":"","meta":{"footnotes":""},"class_list":["post-42702","page","type-page","status-publish","hentry"],"_links":{"self":[{"href":"https:\/\/noyatech.com\/en\/wp-json\/wp\/v2\/pages\/42702","targetHints":{"allow":["GET"]}}],"collection":[{"href":"https:\/\/noyatech.com\/en\/wp-json\/wp\/v2\/pages"}],"about":[{"href":"https:\/\/noyatech.com\/en\/wp-json\/wp\/v2\/types\/page"}],"author":[{"embeddable":true,"href":"https:\/\/noyatech.com\/en\/wp-json\/wp\/v2\/users\/200020"}],"replies":[{"embeddable":true,"href":"https:\/\/noyatech.com\/en\/wp-json\/wp\/v2\/comments?post=42702"}],"version-history":[{"count":0,"href":"https:\/\/noyatech.com\/en\/wp-json\/wp\/v2\/pages\/42702\/revisions"}],"wp:attachment":[{"href":"https:\/\/noyatech.com\/en\/wp-json\/wp\/v2\/media?parent=42702"}],"curies":[{"name":"wp","href":"https:\/\/api.w.org\/{rel}","templated":true}]}}