{"id":42697,"date":"2012-06-23T12:48:18","date_gmt":"2012-06-23T09:48:18","guid":{"rendered":"https:\/\/yeni.noyatech.com\/hakkimizda"},"modified":"2025-07-13T21:02:04","modified_gmt":"2025-07-13T18:02:04","slug":"about-us","status":"publish","type":"page","link":"https:\/\/noyatech.com\/en\/about-us\/","title":{"rendered":"About Us"},"content":{"rendered":"\t\t<div data-elementor-type=\"wp-page\" data-elementor-id=\"42697\" class=\"elementor elementor-42697 elementor-3753\" data-elementor-post-type=\"page\">\n\t\t\t\t<div class=\"wd-negative-gap elementor-element elementor-element-32e0de0 e-flex e-con-boxed e-con e-parent\" data-id=\"32e0de0\" data-element_type=\"container\" data-e-type=\"container\">\n\t\t\t\t\t<div class=\"e-con-inner\">\n\t\t\t\t<div class=\"elementor-element elementor-element-bd807ac text-center color-scheme-inherit elementor-widget elementor-widget-text-editor\" data-id=\"bd807ac\" data-element_type=\"widget\" data-e-type=\"widget\" data-widget_type=\"text-editor.default\">\n\t\t\t\t<div class=\"elementor-widget-container\">\n\t\t\t\t\t\t\t\t\t<p>Founded in 1994 under the name <strong>Noya Bilgisayar Sistemleri ve Dan\u0131\u015fmanl\u0131k Sanayi ve Ticaret Ltd. \u015eti<\/strong>, our company has continued its operations as <strong>Noya Dijital D\u00f6n\u00fc\u015f\u00fcm Teknolojileri A.\u015e.<\/strong> since January 2024.<\/p>\n<div id=\"mttContainer\" class=\"notranslate\" style=\"transform: translate(151px, 23px);\" aria-expanded=\"false\">\n<div id=\"tippy-1\" style=\"z-index: 100000200; visibility: hidden; position: absolute; inset: 0px auto auto 0px; margin: 0px; transform: translate(429px, 20px); pointer-events: none;\" data-tippy-root=\"\">\n<div class=\"tippy-box\" style=\"max-width: 350px; transition-duration: 250ms;\" tabindex=\"-1\" role=\"mtttooltip\" data-state=\"hidden\" data-theme=\"custom\" data-animation=\"fade\" data-placement=\"bottom\">\n<div class=\"tippy-content\" style=\"transition-duration: 250ms;\" data-state=\"hidden\"><span dir=\"ltr\">deepl is broken<\/span><\/div>\n<p><\/p>\n<div class=\"tippy-arrow\" style=\"position: absolute; left: 0px; transform: translate(62px, 0px);\"><\/div>\n<p><\/div>\n<p><\/div>\n<p><\/div>\n\t\t\t\t\t\t\t\t<\/div>\n\t\t\t\t<\/div>\n\t\t\t\t\t<\/div>\n\t\t\t\t<\/div>\n\t\t<div class=\"elementor-element elementor-element-3e260bb e-flex e-con-boxed e-con e-parent\" data-id=\"3e260bb\" data-element_type=\"container\" data-e-type=\"container\">\n\t\t\t\t\t<div class=\"e-con-inner\">\n\t\t<div class=\"elementor-element elementor-element-dce553d e-con-full e-flex e-con e-child\" data-id=\"dce553d\" data-element_type=\"container\" data-e-type=\"container\">\n\t\t\t\t<div class=\"elementor-element elementor-element-9c4c4fd wd-width-100 elementor-widget elementor-widget-wd_title\" data-id=\"9c4c4fd\" data-element_type=\"widget\" data-e-type=\"widget\" data-widget_type=\"wd_title.default\">\n\t\t\t\t<div class=\"elementor-widget-container\">\n\t\t\t\t\t\t\t<div class=\"title-wrapper wd-set-mb reset-last-child wd-title-color-primary wd-title-style-default wd-title-size-small text-left\">\n\n\t\t\t\n\t\t\t<div class=\"liner-continer\">\n\t\t\t\t<h3 class=\"woodmart-title-container title wd-fontsize-m\">Industry Leader with <br \/>the Widest Product Range<\/h3> \n\t\t\t\t\t\t\t<\/div>\n\n\t\t\t\t\t<\/div>\n\t\t\t\t\t\t<\/div>\n\t\t\t\t<\/div>\n\t\t\t\t<div class=\"elementor-element elementor-element-844250c color-scheme-inherit text-left elementor-widget elementor-widget-text-editor\" data-id=\"844250c\" data-element_type=\"widget\" data-e-type=\"widget\" data-widget_type=\"text-editor.default\">\n\t\t\t\t<div class=\"elementor-widget-container\">\n\t\t\t\t\t\t\t\t\t<p>With a wide product portfolio including <strong>Industrial PCs<\/strong>, <strong>Rugged Mobile Computers<\/strong>, <strong>Military-Grade Mission Computers<\/strong>, <strong>Fully Rugged Vehicle-Mounted PCs<\/strong>, <strong>Windows and Android-Based POS Systems<\/strong>, <strong>Touch Monitors<\/strong>, and <strong>Next-Generation Mobile Payment Devices<\/strong>, Noya Dijital D\u00f6n\u00fc\u015f\u00fcm Teknolojileri is the leading company in its field in Turkey.<\/p>\n<p>In addition to designing and manufacturing <strong>Industrial Panel PCs<\/strong>, <strong>Industrial Box PCs<\/strong>, <strong>Kiosk Solutions<\/strong>, and <strong>Ticketing &amp; Card Top-Up Machines<\/strong> under our registered <strong>E-Life<\/strong> brand, we also serve as the <strong>official distributor in Turkey<\/strong> for globally recognized manufacturers such as <strong>Elo Touch Solutions, Getac, Sunmi, Neousys, 7Starlake, Poindus, Advantech, Aplex<\/strong>, and <strong>Crane Payment Innovations<\/strong>.<\/p>\n<p>Working with an extensive supplier network, Noya sources products directly from major global brands including <strong>Transcend, Sanei, Custom Engineering, China-Creator, Uniform (UIC), Printec DS, Medeco<\/strong>, and <strong>Milesight<\/strong>, making us the company with <strong>the broadest product offering in our industry<\/strong> in Turkey. This enables us to provide our partners and customers with reliable one-stop sourcing for their projects.<\/p>\n\t\t\t\t\t\t\t\t<\/div>\n\t\t\t\t<\/div>\n\t\t\t\t<\/div>\n\t\t<div class=\"elementor-element elementor-element-724f645 e-con-full e-flex e-con e-child\" data-id=\"724f645\" data-element_type=\"container\" data-e-type=\"container\">\n\t\t\t\t<div class=\"elementor-element elementor-element-4d15f17 elementor-widget elementor-widget-image\" data-id=\"4d15f17\" data-element_type=\"widget\" data-e-type=\"widget\" data-widget_type=\"image.default\">\n\t\t\t\t<div class=\"elementor-widget-container\">\n\t\t\t\t\t\t\t\t\t\t\t\t\t\t\t<img fetchpriority=\"high\" decoding=\"async\" width=\"947\" height=\"800\" src=\"https:\/\/noyatech.com\/wp-content\/uploads\/2020\/09\/noyabilgisayar_hakkinda.jpg\" class=\"attachment-large size-large wp-image-34975\" alt=\"\" srcset=\"https:\/\/noyatech.com\/wp-content\/uploads\/2020\/09\/noyabilgisayar_hakkinda.jpg 1065w, https:\/\/noyatech.com\/wp-content\/uploads\/2020\/09\/noyabilgisayar_hakkinda-150x127.jpg 150w, https:\/\/noyatech.com\/wp-content\/uploads\/2020\/09\/noyabilgisayar_hakkinda-700x592.jpg 700w\" sizes=\"(max-width: 947px) 100vw, 947px\">\t\t\t\t\t\t\t\t\t\t\t\t\t\t\t<\/div>\n\t\t\t\t<\/div>\n\t\t\t\t<div class=\"elementor-element elementor-element-ea96c63 elementor-widget__width-initial elementor-view-default elementor-position-block-start elementor-mobile-position-block-start elementor-widget elementor-widget-icon-box\" data-id=\"ea96c63\" data-element_type=\"widget\" data-e-type=\"widget\" data-widget_type=\"icon-box.default\">\n\t\t\t\t<div class=\"elementor-widget-container\">\n\t\t\t\t\t\t\t<div class=\"elementor-icon-box-wrapper\">\n\n\t\t\t\t\t\t<div class=\"elementor-icon-box-icon\">\n\t\t\t\t<span  class=\"elementor-icon\">\n\t\t\t\t<svg aria-hidden=\"true\" class=\"e-font-icon-svg e-fas-fingerprint\" viewBox=\"0 0 512 512\" xmlns=\"http:\/\/www.w3.org\/2000\/svg\"><path d=\"M256.12 245.96c-13.25 0-24 10.74-24 24 1.14 72.25-8.14 141.9-27.7 211.55-2.73 9.72 2.15 30.49 23.12 30.49 10.48 0 20.11-6.92 23.09-17.52 13.53-47.91 31.04-125.41 29.48-224.52.01-13.25-10.73-24-23.99-24zm-.86-81.73C194 164.16 151.25 211.3 152.1 265.32c.75 47.94-3.75 95.91-13.37 142.55-2.69 12.98 5.67 25.69 18.64 28.36 13.05 2.67 25.67-5.66 28.36-18.64 10.34-50.09 15.17-101.58 14.37-153.02-.41-25.95 19.92-52.49 54.45-52.34 31.31.47 57.15 25.34 57.62 55.47.77 48.05-2.81 96.33-10.61 143.55-2.17 13.06 6.69 25.42 19.76 27.58 19.97 3.33 26.81-15.1 27.58-19.77 8.28-50.03 12.06-101.21 11.27-152.11-.88-55.8-47.94-101.88-104.91-102.72zm-110.69-19.78c-10.3-8.34-25.37-6.8-33.76 3.48-25.62 31.5-39.39 71.28-38.75 112 .59 37.58-2.47 75.27-9.11 112.05-2.34 13.05 6.31 25.53 19.36 27.89 20.11 3.5 27.07-14.81 27.89-19.36 7.19-39.84 10.5-80.66 9.86-121.33-.47-29.88 9.2-57.88 28-80.97 8.35-10.28 6.79-25.39-3.49-33.76zm109.47-62.33c-15.41-.41-30.87 1.44-45.78 4.97-12.89 3.06-20.87 15.98-17.83 28.89 3.06 12.89 16 20.83 28.89 17.83 11.05-2.61 22.47-3.77 34-3.69 75.43 1.13 137.73 61.5 138.88 134.58.59 37.88-1.28 76.11-5.58 113.63-1.5 13.17 7.95 25.08 21.11 26.58 16.72 1.95 25.51-11.88 26.58-21.11a929.06 929.06 0 0 0 5.89-119.85c-1.56-98.75-85.07-180.33-186.16-181.83zm252.07 121.45c-2.86-12.92-15.51-21.2-28.61-18.27-12.94 2.86-21.12 15.66-18.26 28.61 4.71 21.41 4.91 37.41 4.7 61.6-.11 13.27 10.55 24.09 23.8 24.2h.2c13.17 0 23.89-10.61 24-23.8.18-22.18.4-44.11-5.83-72.34zm-40.12-90.72C417.29 43.46 337.6 1.29 252.81.02 183.02-.82 118.47 24.91 70.46 72.94 24.09 119.37-.9 181.04.14 246.65l-.12 21.47c-.39 13.25 10.03 24.31 23.28 24.69.23.02.48.02.72.02 12.92 0 23.59-10.3 23.97-23.3l.16-23.64c-.83-52.5 19.16-101.86 56.28-139 38.76-38.8 91.34-59.67 147.68-58.86 69.45 1.03 134.73 35.56 174.62 92.39 7.61 10.86 22.56 13.45 33.42 5.86 10.84-7.62 13.46-22.59 5.84-33.43z\"><\/path><\/svg>\t\t\t\t<\/span>\n\t\t\t<\/div>\n\t\t\t\n\t\t\t\t\t\t<div class=\"elementor-icon-box-content\">\n\n\t\t\t\t\t\t\t\t\t<h3 class=\"elementor-icon-box-title\">\n\t\t\t\t\t\t<span  >\n\t\t\t\t\t\t\t250,000+\t\t\t\t\t\t<\/span>\n\t\t\t\t\t<\/h3>\n\t\t\t\t\n\t\t\t\t\t\t\t\t\t<p class=\"elementor-icon-box-description\">\n\t\t\t\t\t\tPRODUCTS SOLD\t\t\t\t\t<\/p>\n\t\t\t\t\n\t\t\t<\/div>\n\t\t\t\n\t\t<\/div>\n\t\t\t\t\t\t<\/div>\n\t\t\t\t<\/div>\n\t\t\t\t<\/div>\n\t\t\t\t\t<\/div>\n\t\t\t\t<\/div>\n\t\t<div class=\"elementor-element elementor-element-b3e2f3b e-con-full e-flex e-con e-parent\" data-id=\"b3e2f3b\" data-element_type=\"container\" data-e-type=\"container\">\n\t\t<div class=\"elementor-element elementor-element-de5a206 e-con-full e-flex e-con e-child\" data-id=\"de5a206\" data-element_type=\"container\" data-e-type=\"container\">\n\t\t\t\t<div class=\"elementor-element elementor-element-7fda721 elementor-widget elementor-widget-image\" data-id=\"7fda721\" data-element_type=\"widget\" data-e-type=\"widget\" data-widget_type=\"image.default\">\n\t\t\t\t<div class=\"elementor-widget-container\">\n\t\t\t\t\t\t\t\t\t\t\t\t\t\t\t<img decoding=\"async\" width=\"800\" height=\"800\" src=\"https:\/\/noyatech.com\/wp-content\/uploads\/2019\/12\/aboutimage-min.jpg\" class=\"attachment-large size-large wp-image-34061\" alt=\"\" srcset=\"https:\/\/noyatech.com\/wp-content\/uploads\/2019\/12\/aboutimage-min.jpg 1200w, https:\/\/noyatech.com\/wp-content\/uploads\/2019\/12\/aboutimage-min-600x600.jpg 600w, https:\/\/noyatech.com\/wp-content\/uploads\/2019\/12\/aboutimage-min-150x150.jpg 150w, https:\/\/noyatech.com\/wp-content\/uploads\/2019\/12\/aboutimage-min-700x700.jpg 700w\" sizes=\"(max-width: 800px) 100vw, 800px\">\t\t\t\t\t\t\t\t\t\t\t\t\t\t\t<\/div>\n\t\t\t\t<\/div>\n\t\t\t\t<\/div>\n\t\t<div class=\"elementor-element elementor-element-5fe1179 e-con-full e-flex e-con e-child\" data-id=\"5fe1179\" data-element_type=\"container\" data-e-type=\"container\" data-settings=\"{&quot;background_background&quot;:&quot;classic&quot;}\">\n\t\t\t\t<div class=\"elementor-element elementor-element-f46ce70 elementor-widget elementor-widget-heading\" data-id=\"f46ce70\" data-element_type=\"widget\" data-e-type=\"widget\" data-widget_type=\"heading.default\">\n\t\t\t\t<div class=\"elementor-widget-container\">\n\t\t\t\t\t<h3 class=\"elementor-heading-title elementor-size-default\">One-Stop<br \/>Reliable Supply<\/h3>\t\t\t\t<\/div>\n\t\t\t\t<\/div>\n\t\t\t\t<div class=\"elementor-element elementor-element-c808b85 color-scheme-inherit text-left elementor-widget elementor-widget-text-editor\" data-id=\"c808b85\" data-element_type=\"widget\" data-e-type=\"widget\" data-widget_type=\"text-editor.default\">\n\t\t\t\t<div class=\"elementor-widget-container\">\n\t\t\t\t\t\t\t\t\t<p>Our company provides <strong>comprehensive after-sales service<\/strong> for all products we manufacture and distribute. With strategic investments in service infrastructure, we also serve as the <strong>Authorized Service Center in Turkey<\/strong> for <strong>Elo Touch Solutions, Getac, Sunmi, Aplex<\/strong>, and <strong>Crane Payment Innovations<\/strong>.<\/p>\n<p>We have implemented the <strong>ISO 9001:2015 Quality Management System<\/strong> since 2005 and the <strong>ISO 27001:2013 Information Security Management System<\/strong> since 2022. These systems are continuously improved and strictly followed across all processes.<\/p>\n<p>Today, we operate in a total of <strong>2,000 m\u00b2<\/strong> of indoor space, including <strong>offices, warehouse, assembly and testing areas, and after-sales service units<\/strong>. All our operations are managed through an <strong>integrated ERP system<\/strong>, ensuring seamless coordination across departments. Our infrastructure, strengthened by ISO standards, guarantees that our products and services consistently meet the same high-quality standards.<\/p>\n\t\t\t\t\t\t\t\t<\/div>\n\t\t\t\t<\/div>\n\t\t\t\t<\/div>\n\t\t\t\t<\/div>\n\t\t<div class=\"elementor-element elementor-element-27a318d wd-section-stretch e-flex e-con-boxed e-con e-parent\" data-id=\"27a318d\" data-element_type=\"container\" data-e-type=\"container\" data-settings=\"{&quot;background_background&quot;:&quot;classic&quot;}\">\n\t\t\t\t\t<div class=\"e-con-inner\">\n\t\t<div class=\"elementor-element elementor-element-c368948 e-con-full e-flex e-con e-child\" data-id=\"c368948\" data-element_type=\"container\" data-e-type=\"container\">\n\t\t\t\t<div class=\"elementor-element elementor-element-127e81e color-scheme-inherit text-left elementor-widget elementor-widget-text-editor\" data-id=\"127e81e\" data-element_type=\"widget\" data-e-type=\"widget\" data-widget_type=\"text-editor.default\">\n\t\t\t\t<div class=\"elementor-widget-container\">\n\t\t\t\t\t\t\t\t\t<p><strong><span style=\"color: #0163a0;\">Our Vision<\/span><\/strong><\/p>\n\t\t\t\t\t\t\t\t<\/div>\n\t\t\t\t<\/div>\n\t\t\t\t<div class=\"elementor-element elementor-element-6389096 color-scheme-inherit text-left elementor-widget elementor-widget-text-editor\" data-id=\"6389096\" data-element_type=\"widget\" data-e-type=\"widget\" data-widget_type=\"text-editor.default\">\n\t\t\t\t<div class=\"elementor-widget-container\">\n\t\t\t\t\t\t\t\t\t<p>Our main goal is to become a leading company in Industrial Transformation Technologies that meets sector-specific needs in Turkey, while expanding into international markets.<\/p>\n<p>To achieve this, we continue to invest in new product design, production, and development by following technological advancements and trends in Industrial Computing, Artificial Intelligence, Defense Industry, Retail, and Smart City applications, while offering sales, distribution, and after-sales services for global supplier products.<\/p>\n\t\t\t\t\t\t\t\t<\/div>\n\t\t\t\t<\/div>\n\t\t\t\t<\/div>\n\t\t<div class=\"elementor-element elementor-element-0858c0f e-con-full e-flex e-con e-child\" data-id=\"0858c0f\" data-element_type=\"container\" data-e-type=\"container\">\n\t\t\t\t<div class=\"elementor-element elementor-element-4432e7a elementor-widget elementor-widget-image\" data-id=\"4432e7a\" data-element_type=\"widget\" data-e-type=\"widget\" data-widget_type=\"image.default\">\n\t\t\t\t<div class=\"elementor-widget-container\">\n\t\t\t\t\t\t\t\t\t\t\t\t\t\t\t<img decoding=\"async\" width=\"578\" height=\"800\" src=\"https:\/\/noyatech.com\/wp-content\/uploads\/2020\/09\/noyabilgisayar_vizyonmisyon2.jpg\" class=\"attachment-large size-large wp-image-34976\" alt=\"\" srcset=\"https:\/\/noyatech.com\/wp-content\/uploads\/2020\/09\/noyabilgisayar_vizyonmisyon2.jpg 1300w, https:\/\/noyatech.com\/wp-content\/uploads\/2020\/09\/noyabilgisayar_vizyonmisyon2-150x208.jpg 150w, https:\/\/noyatech.com\/wp-content\/uploads\/2020\/09\/noyabilgisayar_vizyonmisyon2-1200x1662.jpg 1200w\" sizes=\"(max-width: 578px) 100vw, 578px\">\t\t\t\t\t\t\t\t\t\t\t\t\t\t\t<\/div>\n\t\t\t\t<\/div>\n\t\t\t\t<\/div>\n\t\t<div class=\"elementor-element elementor-element-8fec188 e-con-full e-flex e-con e-child\" data-id=\"8fec188\" data-element_type=\"container\" data-e-type=\"container\">\n\t\t\t\t<div class=\"elementor-element elementor-element-d1d1693 color-scheme-inherit text-left elementor-widget elementor-widget-text-editor\" data-id=\"d1d1693\" data-element_type=\"widget\" data-e-type=\"widget\" data-widget_type=\"text-editor.default\">\n\t\t\t\t<div class=\"elementor-widget-container\">\n\t\t\t\t\t\t\t\t\t<p><strong><span style=\"color: #0163a0;\">Our Mission<\/span><\/strong><\/p>\n\t\t\t\t\t\t\t\t<\/div>\n\t\t\t\t<\/div>\n\t\t\t\t<div class=\"elementor-element elementor-element-b8043fc color-scheme-inherit text-left elementor-widget elementor-widget-text-editor\" data-id=\"b8043fc\" data-element_type=\"widget\" data-e-type=\"widget\" data-widget_type=\"text-editor.default\">\n\t\t\t\t<div class=\"elementor-widget-container\">\n\t\t\t\t\t\t\t\t\t<p>With the same passion as on our first day, our mission is to build strong and long-lasting relationships with our customers and partners based on our ethical principles, to understand their needs, and to provide effective solutions.<\/p>\n\t\t\t\t\t\t\t\t<\/div>\n\t\t\t\t<\/div>\n\t\t\t\t<\/div>\n\t\t\t\t\t<\/div>\n\t\t\t\t<\/div>\n\t\t\t\t<\/div>\n\t\t","protected":false},"excerpt":{"rendered":"<p>Founded in 1994 under the name Noya Bilgisayar Sistemleri ve Dan\u0131\u015fmanl\u0131k Sanayi ve Ticaret Ltd. \u015eti, our company has continued<\/p>\n","protected":false},"author":1,"featured_media":0,"parent":0,"menu_order":0,"comment_status":"closed","ping_status":"closed","template":"","meta":{"footnotes":""},"class_list":["post-42697","page","type-page","status-publish","hentry"],"_links":{"self":[{"href":"https:\/\/noyatech.com\/en\/wp-json\/wp\/v2\/pages\/42697","targetHints":{"allow":["GET"]}}],"collection":[{"href":"https:\/\/noyatech.com\/en\/wp-json\/wp\/v2\/pages"}],"about":[{"href":"https:\/\/noyatech.com\/en\/wp-json\/wp\/v2\/types\/page"}],"author":[{"embeddable":true,"href":"https:\/\/noyatech.com\/en\/wp-json\/wp\/v2\/users\/1"}],"replies":[{"embeddable":true,"href":"https:\/\/noyatech.com\/en\/wp-json\/wp\/v2\/comments?post=42697"}],"version-history":[{"count":0,"href":"https:\/\/noyatech.com\/en\/wp-json\/wp\/v2\/pages\/42697\/revisions"}],"wp:attachment":[{"href":"https:\/\/noyatech.com\/en\/wp-json\/wp\/v2\/media?parent=42697"}],"curies":[{"name":"wp","href":"https:\/\/api.w.org\/{rel}","templated":true}]}}